{"id":229,"date":"2022-05-05T18:52:09","date_gmt":"2022-05-05T18:52:09","guid":{"rendered":"https:\/\/observatoryfordefenders.org\/?page_id=229"},"modified":"2022-12-09T20:54:06","modified_gmt":"2022-12-09T20:54:06","slug":"174-2","status":"publish","type":"page","link":"https:\/\/observatoryfordefenders.org\/fr\/","title":{"rendered":"Accueil"},"content":{"rendered":"<div class=\"homepage-slider\">\n      <div class=\"slider-slide\">\n      <img decoding=\"async\" width=\"1683\" height=\"450\" src=\"https:\/\/observatoryfordefenders.org\/wp-content\/uploads\/2025\/09\/France._Site-OBS.jpg\" class=\"attachment-2000x450 size-2000x450\" alt=\"\" \/>      <div class=\"slider-dots\"><\/div>\n      <div class=\"slider-bottom-wrapper\">\n        <div class=\"slick-prev-arrow slick-arrow\"><svg class=\"svg-icon\" width=\"32\" height=\"60\" viewBox=\"0 0 32 60\" fill=\"#AAAEB3\" xmlns=\"http:\/\/www.w3.org\/2000\/svg\">\n<path d=\"M27.2806 0.711233L0.727375 28.1908C0.261009 28.6734 0 29.3208 0 29.9948C0 30.6689 0.261009 31.3162 0.727375 31.7989L27.2806 59.2888C27.4978 59.5139 27.7576 59.6928 28.0445 59.8149C28.3314 59.9371 28.6397 60 28.9511 60C29.2625 60 29.5707 59.9371 29.8576 59.8149C30.1445 59.6928 30.4043 59.5139 30.6215 59.2888C31.0685 58.8272 31.3187 58.2075 31.3187 57.5622C31.3187 56.917 31.0685 56.2973 30.6215 55.8357L5.65166 29.9948L30.6215 4.1591C31.0669 3.69774 31.3162 3.07917 31.3162 2.43517C31.3162 1.79116 31.0669 1.1726 30.6215 0.711233C30.4043 0.486148 30.1445 0.307247 29.8576 0.185091C29.5707 0.0629352 29.2625 0 28.9511 0C28.6397 0 28.3314 0.0629352 28.0445 0.185091C27.7576 0.307247 27.4978 0.486148 27.2806 0.711233V0.711233Z\"\/>\n<\/svg><\/div>\n        <div class=\"slider-bottom-content\">\n          <div class=\"slider-caption\">[Rapport] Libert\u00e9s publiques en danger : alerte sur la r\u00e9pression en France - Rapport<\/div>\n          <div class=\"slider-button\">\n            <a href=\"https:\/\/www.fidh.org\/IMG\/pdf\/20250916_fidh_rapport-obs-france_fr_v7.pdf\" target=\"_blank\">\n              Lire le rapport            <\/a>\n          <\/div>\n        <\/div>\n        <div class=\"slick-next-arrow slick-arrow\"><svg class=\"svg-icon\" width=\"32\" height=\"60\" viewBox=\"0 0 32 60\" fill=\"#AAAEB3\" xmlns=\"http:\/\/www.w3.org\/2000\/svg\">\n<path d=\"M4.4777 0.711233L31.0309 28.1908C31.4973 28.6734 31.7583 29.3208 31.7583 29.9948C31.7583 30.6689 31.4973 31.3162 31.0309 31.7989L4.4777 59.2888C4.26046 59.5139 4.00072 59.6928 3.71381 59.8149C3.42691 59.9371 3.11865 60 2.80724 60C2.49582 60 2.18756 59.9371 1.90066 59.8149C1.61375 59.6928 1.35401 59.5139 1.13677 59.2888C0.689833 58.8272 0.439617 58.2075 0.439617 57.5622C0.439617 56.917 0.689833 56.2973 1.13677 55.8357L26.1066 29.9948L1.13677 4.1591C0.691366 3.69774 0.44212 3.07917 0.44212 2.43517C0.44212 1.79116 0.691366 1.1726 1.13677 0.711233C1.35401 0.486148 1.61375 0.307247 1.90066 0.185091C2.18756 0.0629352 2.49582 0 2.80724 0C3.11865 0 3.42691 0.0629352 3.71381 0.185091C4.00072 0.307247 4.26046 0.486148 4.4777 0.711233Z\"\/>\n<\/svg>\n<\/div>\n      <\/div>\n    <\/div>\n      <div class=\"slider-slide\">\n      <img decoding=\"async\" width=\"1683\" height=\"450\" src=\"https:\/\/observatoryfordefenders.org\/wp-content\/uploads\/2025\/09\/France._Site-OBS.jpg\" class=\"attachment-2000x450 size-2000x450\" alt=\"\" \/>      <div class=\"slider-dots\"><\/div>\n      <div class=\"slider-bottom-wrapper\">\n        <div class=\"slick-prev-arrow slick-arrow\"><svg class=\"svg-icon\" width=\"32\" height=\"60\" viewBox=\"0 0 32 60\" fill=\"#AAAEB3\" xmlns=\"http:\/\/www.w3.org\/2000\/svg\">\n<path d=\"M27.2806 0.711233L0.727375 28.1908C0.261009 28.6734 0 29.3208 0 29.9948C0 30.6689 0.261009 31.3162 0.727375 31.7989L27.2806 59.2888C27.4978 59.5139 27.7576 59.6928 28.0445 59.8149C28.3314 59.9371 28.6397 60 28.9511 60C29.2625 60 29.5707 59.9371 29.8576 59.8149C30.1445 59.6928 30.4043 59.5139 30.6215 59.2888C31.0685 58.8272 31.3187 58.2075 31.3187 57.5622C31.3187 56.917 31.0685 56.2973 30.6215 55.8357L5.65166 29.9948L30.6215 4.1591C31.0669 3.69774 31.3162 3.07917 31.3162 2.43517C31.3162 1.79116 31.0669 1.1726 30.6215 0.711233C30.4043 0.486148 30.1445 0.307247 29.8576 0.185091C29.5707 0.0629352 29.2625 0 28.9511 0C28.6397 0 28.3314 0.0629352 28.0445 0.185091C27.7576 0.307247 27.4978 0.486148 27.2806 0.711233V0.711233Z\"\/>\n<\/svg><\/div>\n        <div class=\"slider-bottom-content\">\n          <div class=\"slider-caption\">[Rapport] Libert\u00e9s publiques en danger : alerte sur la r\u00e9pression en France - Rapport<\/div>\n          <div class=\"slider-button\">\n            <a href=\"https:\/\/www.fidh.org\/IMG\/pdf\/20250916_fidh_rapport-obs-france_fr_v7.pdf\" target=\"_blank\">\n              Lire le rapport            <\/a>\n          <\/div>\n        <\/div>\n        <div class=\"slick-next-arrow slick-arrow\"><svg class=\"svg-icon\" width=\"32\" height=\"60\" viewBox=\"0 0 32 60\" fill=\"#AAAEB3\" xmlns=\"http:\/\/www.w3.org\/2000\/svg\">\n<path d=\"M4.4777 0.711233L31.0309 28.1908C31.4973 28.6734 31.7583 29.3208 31.7583 29.9948C31.7583 30.6689 31.4973 31.3162 31.0309 31.7989L4.4777 59.2888C4.26046 59.5139 4.00072 59.6928 3.71381 59.8149C3.42691 59.9371 3.11865 60 2.80724 60C2.49582 60 2.18756 59.9371 1.90066 59.8149C1.61375 59.6928 1.35401 59.5139 1.13677 59.2888C0.689833 58.8272 0.439617 58.2075 0.439617 57.5622C0.439617 56.917 0.689833 56.2973 1.13677 55.8357L26.1066 29.9948L1.13677 4.1591C0.691366 3.69774 0.44212 3.07917 0.44212 2.43517C0.44212 1.79116 0.691366 1.1726 1.13677 0.711233C1.35401 0.486148 1.61375 0.307247 1.90066 0.185091C2.18756 0.0629352 2.49582 0 2.80724 0C3.11865 0 3.42691 0.0629352 3.71381 0.185091C4.00072 0.307247 4.26046 0.486148 4.4777 0.711233Z\"\/>\n<\/svg>\n<\/div>\n      <\/div>\n    <\/div>\n  <\/div>\n\n\n\n\n<div style=\"height:10px\" aria-hidden=\"true\" class=\"wp-block-spacer\"><\/div>\n\n\n\n<div class=\"inherit-container-width wp-block-group alignfull block-logo-text-cta has-logo-background has-deep-space-background-color has-background is-layout-constrained wp-block-group-is-layout-constrained\"><div class=\"wp-block-group__inner-container\">\n<h1 class=\"has-text-align-center has-white-color has-text-color wp-block-heading\" id=\"we-protect-human-rights-defenders-so-they-can-protect-our-rights\">Nous prot\u00e9geons les d\u00e9fenseur.es des droits humains, afin qu&#8217;iels prot\u00e8gent nos droits<\/h1>\n\n\n\n<div class=\"wp-block-buttons is-content-justification-center is-layout-flex wp-container-core-buttons-is-layout-a89b3969 wp-block-buttons-is-layout-flex\">\n<div class=\"wp-block-button aligncenter has-custom-font-size is-light-button has-medium-font-size\"><a class=\"wp-block-button__link has-midnight-blue-color has-calm-grey-background-color has-text-color has-background\" href=\"https:\/\/observatoryfordefenders.org\/fr\/fr-about-the-observatory\/\">Plus d&#8217;informations sur nos actions<\/a><\/div>\n<\/div>\n<\/div><\/div>\n","protected":false},"excerpt":{"rendered":"<p>Nous prot\u00e9geons les d\u00e9fenseur.es des droits humains, afin qu&#8217;iels prot\u00e8gent nos droits<\/p>\n","protected":false},"author":1,"featured_media":0,"parent":0,"menu_order":0,"comment_status":"closed","ping_status":"closed","template":"","meta":{"_acf_changed":false,"_editorskit_title_hidden":false,"_editorskit_reading_time":0,"_editorskit_is_block_options_detached":false,"_editorskit_block_options_position":"{}","inline_featured_image":false,"_uag_custom_page_level_css":"","site-sidebar-layout":"no-sidebar","site-content-layout":"page-builder","ast-site-content-layout":"default","site-content-style":"default","site-sidebar-style":"default","ast-global-header-display":"","ast-banner-title-visibility":"","ast-main-header-display":"","ast-hfb-above-header-display":"","ast-hfb-below-header-display":"","ast-hfb-mobile-header-display":"","site-post-title":"disabled","ast-breadcrumbs-content":"","ast-featured-img":"","footer-sml-layout":"","ast-disable-related-posts":"","theme-transparent-header-meta":"","adv-header-id-meta":"","stick-header-meta":"","header-above-stick-meta":"","header-main-stick-meta":"","header-below-stick-meta":"","astra-migrate-meta-layouts":"default","ast-page-background-enabled":"default","ast-page-background-meta":{"desktop":{"background-color":"var(--ast-global-color-4)","background-image":"","background-repeat":"repeat","background-position":"center center","background-size":"auto","background-attachment":"scroll","background-type":"","background-media":"","overlay-type":"","overlay-color":"","overlay-opacity":"","overlay-gradient":""},"tablet":{"background-color":"","background-image":"","background-repeat":"repeat","background-position":"center center","background-size":"auto","background-attachment":"scroll","background-type":"","background-media":"","overlay-type":"","overlay-color":"","overlay-opacity":"","overlay-gradient":""},"mobile":{"background-color":"","background-image":"","background-repeat":"repeat","background-position":"center center","background-size":"auto","background-attachment":"scroll","background-type":"","background-media":"","overlay-type":"","overlay-color":"","overlay-opacity":"","overlay-gradient":""}},"ast-content-background-meta":{"desktop":{"background-color":"var(--ast-global-color-5)","background-image":"","background-repeat":"repeat","background-position":"center center","background-size":"auto","background-attachment":"scroll","background-type":"","background-media":"","overlay-type":"","overlay-color":"","overlay-opacity":"","overlay-gradient":""},"tablet":{"background-color":"var(--ast-global-color-5)","background-image":"","background-repeat":"repeat","background-position":"center center","background-size":"auto","background-attachment":"scroll","background-type":"","background-media":"","overlay-type":"","overlay-color":"","overlay-opacity":"","overlay-gradient":""},"mobile":{"background-color":"var(--ast-global-color-5)","background-image":"","background-repeat":"repeat","background-position":"center center","background-size":"auto","background-attachment":"scroll","background-type":"","background-media":"","overlay-type":"","overlay-color":"","overlay-opacity":"","overlay-gradient":""}},"_FSMCFIC_featured_image_caption":"","_FSMCFIC_featured_image_nocaption":"","_FSMCFIC_featured_image_hide":"","footnotes":""},"class_list":["post-229","page","type-page","status-publish","hentry"],"acf":[],"uagb_featured_image_src":{"full":false,"thumbnail":false,"medium":false,"medium_large":false,"large":false,"1536x1536":false,"2048x2048":false},"uagb_author_info":{"display_name":"observatory_admin","author_link":"https:\/\/observatoryfordefenders.org\/fr\/author\/observatory_admin\/"},"uagb_comment_info":0,"uagb_excerpt":"Nous prot\u00e9geons les d\u00e9fenseur.es des droits humains, afin qu&#8217;iels prot\u00e8gent nos droits","_links":{"self":[{"href":"https:\/\/observatoryfordefenders.org\/fr\/wp-json\/wp\/v2\/pages\/229","targetHints":{"allow":["GET"]}}],"collection":[{"href":"https:\/\/observatoryfordefenders.org\/fr\/wp-json\/wp\/v2\/pages"}],"about":[{"href":"https:\/\/observatoryfordefenders.org\/fr\/wp-json\/wp\/v2\/types\/page"}],"author":[{"embeddable":true,"href":"https:\/\/observatoryfordefenders.org\/fr\/wp-json\/wp\/v2\/users\/1"}],"replies":[{"embeddable":true,"href":"https:\/\/observatoryfordefenders.org\/fr\/wp-json\/wp\/v2\/comments?post=229"}],"version-history":[{"count":57,"href":"https:\/\/observatoryfordefenders.org\/fr\/wp-json\/wp\/v2\/pages\/229\/revisions"}],"predecessor-version":[{"id":21379,"href":"https:\/\/observatoryfordefenders.org\/fr\/wp-json\/wp\/v2\/pages\/229\/revisions\/21379"}],"wp:attachment":[{"href":"https:\/\/observatoryfordefenders.org\/fr\/wp-json\/wp\/v2\/media?parent=229"}],"curies":[{"name":"wp","href":"https:\/\/api.w.org\/{rel}","templated":true}]}}