{"id":19046,"date":"2022-05-13T03:14:06","date_gmt":"2022-05-13T03:14:06","guid":{"rendered":"https:\/\/observatoryfordefenders.org\/?page_id=19046"},"modified":"2024-02-05T14:08:39","modified_gmt":"2024-02-05T14:08:39","slug":"es-partners","status":"publish","type":"page","link":"https:\/\/observatoryfordefenders.org\/es\/es-partners\/","title":{"rendered":"Informes"},"content":{"rendered":"\n<p>Adem\u00e1s de las <a href=\"https:\/\/observatoryfordefenders.org\/search\/\"><strong>alertas<\/strong><\/a> destinadas a documentar situaciones de acoso y movilizar a los actores influyentes, el Observatorio publica regularmente <a href=\"https:\/\/observatoryfordefenders.org\/resources\/\"><strong>informes<\/strong><\/a> que describen el contexto en el que trabajan los defensores, casos individuales de represi\u00f3n, as\u00ed como recomendaciones que se utilizan con fines de incidencia pol\u00edtica. En total, el Observatorio trabaja cada a\u00f1o en m\u00e1s de 60 pa\u00edses de todos los continentes. <\/p>\n\n\n\n<div class=\"wp-block-uagb-container uagb-block-ac612d51 alignfull uagb-is-root-container\"><div class=\"uagb-container-inner-blocks-wrap\">\n<div class=\"wp-block-media-text alignwide is-stacked-on-mobile\" style=\"grid-template-columns:33% auto\"><figure class=\"wp-block-media-text__media\"><img decoding=\"async\" width=\"700\" height=\"990\" src=\"https:\/\/observatoryfordefenders.org\/wp-content\/uploads\/2024\/01\/Capture-decran-de-2024-01-29-15-45-34.jpg\" alt=\"\" class=\"wp-image-21340 size-full\" srcset=\"https:\/\/observatoryfordefenders.org\/wp-content\/uploads\/2024\/01\/Capture-decran-de-2024-01-29-15-45-34.jpg 700w, https:\/\/observatoryfordefenders.org\/wp-content\/uploads\/2024\/01\/Capture-decran-de-2024-01-29-15-45-34-212x300.jpg 212w\" sizes=\"(max-width: 700px) 100vw, 700px\" \/><\/figure><div class=\"wp-block-media-text__content\">\n<h2 class=\"wp-block-heading\"><strong>Vozes Silenciadas:<\/strong><br>Ataques \u00e0 Sociedade Civil e aos Defensores dos Direitos Humanos em Mo\u00e7ambique<\/h2>\n\n\n\n<p><em>Un informe del Observatorio y RMDDH<\/em><\/p>\n\n\n\n<div class=\"wp-block-buttons is-layout-flex wp-block-buttons-is-layout-flex\">\n<div class=\"wp-block-button\"><a class=\"wp-block-button__link wp-element-button\" href=\"https:\/\/www.fidh.org\/IMG\/pdf\/20230927_fidh_rapport-obs-mozambique_prt_web.pdf\">Lea el informe<\/a><\/div>\n<\/div>\n<\/div><\/div>\n\n\n\n<div class=\"wp-block-media-text alignwide is-stacked-on-mobile\" style=\"grid-template-columns:33% auto\"><figure class=\"wp-block-media-text__media\"><img decoding=\"async\" width=\"664\" height=\"916\" src=\"https:\/\/observatoryfordefenders.org\/wp-content\/uploads\/2024\/01\/Reports_Turkey-1.jpg\" alt=\"\" class=\"wp-image-21324 size-full\" srcset=\"https:\/\/observatoryfordefenders.org\/wp-content\/uploads\/2024\/01\/Reports_Turkey-1.jpg 664w, https:\/\/observatoryfordefenders.org\/wp-content\/uploads\/2024\/01\/Reports_Turkey-1-217x300.jpg 217w\" sizes=\"(max-width: 664px) 100vw, 664px\" \/><\/figure><div class=\"wp-block-media-text__content\">\n<h2 class=\"wp-block-heading\"><strong>&#8220;Uncertain and Eerie&#8221;:<\/strong><br>Closure Cases Against Associations in Turkey<\/h2>\n\n\n\n<p><em>Un informe del Observatorio, IHD y HRFT<\/em><\/p>\n\n\n\n<div style=\"height:40px\" aria-hidden=\"true\" class=\"wp-block-spacer\"><\/div>\n\n\n\n<div class=\"wp-block-buttons is-layout-flex wp-block-buttons-is-layout-flex\">\n<div class=\"wp-block-button\"><a class=\"wp-block-button__link wp-element-button\" href=\"https:\/\/fr.scribd.com\/document\/670727004\/Uncertain-and-Eerie-Closure-Cases-Against-Associations-in-Turkey#download&amp;from_embed\">Lea el informe<\/a><\/div>\n<\/div>\n<\/div><\/div>\n\n\n\n<div class=\"wp-block-media-text alignwide is-stacked-on-mobile\" style=\"grid-template-columns:33% auto\"><figure class=\"wp-block-media-text__media\"><img decoding=\"async\" width=\"698\" height=\"989\" src=\"https:\/\/observatoryfordefenders.org\/wp-content\/uploads\/2024\/01\/Capture-decran-de-2024-01-29-15-51-39.jpg\" alt=\"\" class=\"wp-image-21343 size-full\" srcset=\"https:\/\/observatoryfordefenders.org\/wp-content\/uploads\/2024\/01\/Capture-decran-de-2024-01-29-15-51-39.jpg 698w, https:\/\/observatoryfordefenders.org\/wp-content\/uploads\/2024\/01\/Capture-decran-de-2024-01-29-15-51-39-212x300.jpg 212w\" sizes=\"(max-width: 698px) 100vw, 698px\" \/><\/figure><div class=\"wp-block-media-text__content\">\n<h2 class=\"wp-block-heading\"><strong>Suppression of the Right to Defend Human Rights in Belarus:<\/strong><br>Policy and Legislative Changes<br>in 2021-2023<\/h2>\n\n\n\n<p><\/p>\n\n\n\n<div style=\"height:40px\" aria-hidden=\"true\" class=\"wp-block-spacer\"><\/div>\n\n\n\n<div class=\"wp-block-buttons is-layout-flex wp-block-buttons-is-layout-flex\">\n<div class=\"wp-block-button\"><a class=\"wp-block-button__link wp-element-button\" href=\"https:\/\/www.omct.org\/site-resources\/files\/Suppression-of-the-Right-to-Defend-Human-Rights-in-Belarus-2021-2023-The-Observatory-Report-ENG.pdf\">Lea el informe<\/a><\/div>\n<\/div>\n<\/div><\/div>\n\n\n\n<div style=\"height:40px\" aria-hidden=\"true\" class=\"wp-block-spacer\"><\/div>\n<\/div><\/div>\n\n\n\n<div class=\"wp-block-uagb-container uagb-block-50058358 alignfull uagb-is-root-container\"><div class=\"uagb-container-inner-blocks-wrap\">\n<div class=\"wp-block-media-text alignwide is-stacked-on-mobile\" style=\"grid-template-columns:33% auto\"><figure class=\"wp-block-media-text__media\"><img decoding=\"async\" width=\"664\" height=\"916\" src=\"https:\/\/observatoryfordefenders.org\/wp-content\/uploads\/2024\/01\/Reports_COVID_ES.jpg\" alt=\"\" class=\"wp-image-21334 size-full\" srcset=\"https:\/\/observatoryfordefenders.org\/wp-content\/uploads\/2024\/01\/Reports_COVID_ES.jpg 664w, https:\/\/observatoryfordefenders.org\/wp-content\/uploads\/2024\/01\/Reports_COVID_ES-217x300.jpg 217w\" sizes=\"(max-width: 664px) 100vw, 664px\" \/><\/figure><div class=\"wp-block-media-text__content\">\n<h2 class=\"wp-block-heading\"><strong>Defender los derechos humanos durante la pandemia:<\/strong><br>Impacto del Covid-19 en las personas defensoras de derechos humanos y su trabajo<\/h2>\n\n\n\n<div class=\"wp-block-buttons is-layout-flex wp-block-buttons-is-layout-flex\">\n<div class=\"wp-block-button\"><a class=\"wp-block-button__link wp-element-button\" href=\"https:\/\/observatoryfordefenders-reports.org\/covid-19\/es\/\">Lea el informe<\/a><\/div>\n<\/div>\n<\/div><\/div>\n\n\n\n<div class=\"wp-block-media-text alignwide is-stacked-on-mobile\" style=\"grid-template-columns:33% auto\"><figure class=\"wp-block-media-text__media\"><img decoding=\"async\" width=\"664\" height=\"916\" src=\"https:\/\/observatoryfordefenders.org\/wp-content\/uploads\/2024\/02\/Report_TurkeyPartIII-1.jpg\" alt=\"\" class=\"wp-image-21414 size-full\" srcset=\"https:\/\/observatoryfordefenders.org\/wp-content\/uploads\/2024\/02\/Report_TurkeyPartIII-1.jpg 664w, https:\/\/observatoryfordefenders.org\/wp-content\/uploads\/2024\/02\/Report_TurkeyPartIII-1-217x300.jpg 217w\" sizes=\"(max-width: 664px) 100vw, 664px\" \/><\/figure><div class=\"wp-block-media-text__content\">\n<h2 class=\"wp-block-heading\"><strong>Turkey <\/strong><br>Drowned in Procedure, Sentenced to Fail: Administrative harassment against civil society in Turkey &#8211; Part III<\/h2>\n\n\n\n<p><em>Un informe del Observatorio y de IHD<\/em><\/p>\n\n\n\n<div class=\"wp-block-buttons is-layout-flex wp-block-buttons-is-layout-flex\">\n<div class=\"wp-block-button\"><a class=\"wp-block-button__link wp-element-button\" href=\"https:\/\/www.fidh.org\/IMG\/pdf\/obs_turkey_report_administrative_harassment_june_2022.pdf\">Lea el informe<\/a><\/div>\n<\/div>\n<\/div><\/div>\n\n\n\n<div class=\"wp-block-media-text alignwide is-stacked-on-mobile\" style=\"grid-template-columns:33% auto\"><figure class=\"wp-block-media-text__media\"><img decoding=\"async\" width=\"664\" height=\"916\" src=\"https:\/\/observatoryfordefenders.org\/wp-content\/uploads\/2024\/02\/Reports_Brazil-1.jpg\" alt=\"\" class=\"wp-image-21410 size-full\" srcset=\"https:\/\/observatoryfordefenders.org\/wp-content\/uploads\/2024\/02\/Reports_Brazil-1.jpg 664w, https:\/\/observatoryfordefenders.org\/wp-content\/uploads\/2024\/02\/Reports_Brazil-1-217x300.jpg 217w\" sizes=\"(max-width: 664px) 100vw, 664px\" \/><\/figure><div class=\"wp-block-media-text__content\">\n<h2 class=\"wp-block-heading\"><strong>Bridging Brazilian Governance gaps:  <\/strong>Leveraging environment and human rights reform via the OECD accession process<\/h2>\n\n\n\n<p><em>Un informe del Observatorio, OECD Watch y Conectas<\/em><\/p>\n\n\n\n<div class=\"wp-block-buttons is-layout-flex wp-block-buttons-is-layout-flex\">\n<div class=\"wp-block-button\"><a class=\"wp-block-button__link wp-element-button\" href=\"https:\/\/www.fidh.org\/IMG\/pdf\/bridging-brazilian-governance-gaps-research-series-summary-paper-1.pdf\">Lea el informe<\/a><\/div>\n<\/div>\n<\/div><\/div>\n\n\n\n<div style=\"height:40px\" aria-hidden=\"true\" class=\"wp-block-spacer\"><\/div>\n<\/div><\/div>\n\n\n\n<div class=\"wp-block-uagb-container uagb-block-6afae857 alignfull uagb-is-root-container\"><div class=\"uagb-container-inner-blocks-wrap\">\n<div class=\"wp-block-media-text alignwide is-stacked-on-mobile\" style=\"grid-template-columns:33% auto\"><figure class=\"wp-block-media-text__media\"><img decoding=\"async\" width=\"664\" height=\"916\" src=\"https:\/\/observatoryfordefenders.org\/wp-content\/uploads\/2024\/01\/Reports_Nica-1.jpg\" alt=\"\" class=\"wp-image-21337 size-full\" srcset=\"https:\/\/observatoryfordefenders.org\/wp-content\/uploads\/2024\/01\/Reports_Nica-1.jpg 664w, https:\/\/observatoryfordefenders.org\/wp-content\/uploads\/2024\/01\/Reports_Nica-1-217x300.jpg 217w\" sizes=\"(max-width: 664px) 100vw, 664px\" \/><\/figure><div class=\"wp-block-media-text__content\">\n<h2 class=\"wp-block-heading\"><strong>Nicaragua<\/strong><br>Las nuevas leyes de la represi\u00f3n<\/h2>\n\n\n\n<p><em>Un informe del Observatorio y del CENIDH<\/em><\/p>\n\n\n\n<div class=\"wp-block-buttons is-layout-flex wp-block-buttons-is-layout-flex\">\n<div class=\"wp-block-button\"><a class=\"wp-block-button__link wp-element-button\" href=\"https:\/\/fr.scribd.com\/document\/536955778\/OBS-Nicaragua#download&amp;from_embed\">Lea el informe<\/a><\/div>\n<\/div>\n<\/div><\/div>\n<\/div><\/div>\n\n\n\n<div class=\"wp-block-uagb-container uagb-block-38f719b6 alignfull uagb-is-root-container\"><div class=\"uagb-container-inner-blocks-wrap\">\n<div class=\"wp-block-media-text alignwide is-stacked-on-mobile\" style=\"grid-template-columns:33% auto\"><figure class=\"wp-block-media-text__media\"><img decoding=\"async\" width=\"664\" height=\"916\" src=\"https:\/\/observatoryfordefenders.org\/wp-content\/uploads\/2024\/01\/Reports_TargetLocked-1.jpg\" alt=\"\" class=\"wp-image-21327 size-full\" srcset=\"https:\/\/observatoryfordefenders.org\/wp-content\/uploads\/2024\/01\/Reports_TargetLocked-1.jpg 664w, https:\/\/observatoryfordefenders.org\/wp-content\/uploads\/2024\/01\/Reports_TargetLocked-1-217x300.jpg 217w\" sizes=\"(max-width: 664px) 100vw, 664px\" \/><\/figure><div class=\"wp-block-media-text__content\">\n<h2 class=\"wp-block-heading\"><strong>Israel<\/strong><br>Campa\u00f1as para acallar a defensores de derechos humanos de Israel, el Gol\u00e1n y Palestina<\/h2>\n\n\n\n<div class=\"wp-block-buttons is-layout-flex wp-block-buttons-is-layout-flex\">\n<div class=\"wp-block-button\"><a class=\"wp-block-button__link wp-element-button\" href=\"https:\/\/fr.scribd.com\/document\/504959015\/Obs-Palestine2021ang#download&amp;from_embed\">Lea el informe<\/a><\/div>\n<\/div>\n<\/div><\/div>\n\n\n\n<div style=\"height:40px\" aria-hidden=\"true\" class=\"wp-block-spacer\"><\/div>\n\n\n\n<div class=\"wp-block-uagb-container uagb-block-cb37c0be\">\n<div class=\"wp-block-media-text alignwide is-stacked-on-mobile\" style=\"grid-template-columns:33% auto\"><figure class=\"wp-block-media-text__media\"><img decoding=\"async\" width=\"664\" height=\"916\" src=\"https:\/\/observatoryfordefenders.org\/wp-content\/uploads\/2024\/02\/Report_Venezuela1.jpg\" alt=\"\" class=\"wp-image-21404 size-full\" srcset=\"https:\/\/observatoryfordefenders.org\/wp-content\/uploads\/2024\/02\/Report_Venezuela1.jpg 664w, https:\/\/observatoryfordefenders.org\/wp-content\/uploads\/2024\/02\/Report_Venezuela1-217x300.jpg 217w\" sizes=\"(max-width: 664px) 100vw, 664px\" \/><\/figure><div class=\"wp-block-media-text__content\">\n<h2 class=\"wp-block-heading\"><strong>Venezuela<\/strong><br>&#8220;Enemigos Internos&#8221; : Defender derechos humanos en el contexto de la pandemia COVID-19<\/h2>\n\n\n\n<p><em>Un informe del Observatorio, COFAVIC<\/em> <em>y Vicar\u00eda de Caracas para los Derechos Humanos<\/em><\/p>\n\n\n\n<div class=\"wp-block-buttons is-layout-flex wp-block-buttons-is-layout-flex\">\n<div class=\"wp-block-button\"><a class=\"wp-block-button__link wp-element-button\" href=\"https:\/\/www.fidh.org\/IMG\/pdf\/informe_venezuela_enemigos_internos_covid_2021.pdf_6_.pdf_8_.pdf\">Lea el informe<\/a><\/div>\n<\/div>\n<\/div><\/div>\n<\/div>\n\n\n\n<div class=\"wp-block-media-text alignwide is-stacked-on-mobile\" style=\"grid-template-columns:33% auto\"><figure class=\"wp-block-media-text__media\"><img decoding=\"async\" width=\"697\" height=\"987\" src=\"https:\/\/observatoryfordefenders.org\/wp-content\/uploads\/2024\/02\/Capture-decran-de-2024-02-04-22-49-47.jpg\" alt=\"\" class=\"wp-image-21441 size-full\" srcset=\"https:\/\/observatoryfordefenders.org\/wp-content\/uploads\/2024\/02\/Capture-decran-de-2024-02-04-22-49-47.jpg 697w, https:\/\/observatoryfordefenders.org\/wp-content\/uploads\/2024\/02\/Capture-decran-de-2024-02-04-22-49-47-212x300.jpg 212w\" sizes=\"(max-width: 697px) 100vw, 697px\" \/><\/figure><div class=\"wp-block-media-text__content\">\n<h2 class=\"wp-block-heading\"><strong>Guatemala<\/strong><br>Una deuda sin salidar<\/h2>\n\n\n\n<p><em>Un informe del Observatorio y UDEFEGUA<\/em><\/p>\n\n\n\n<div class=\"wp-block-buttons is-layout-flex wp-block-buttons-is-layout-flex\">\n<div class=\"wp-block-button\"><a class=\"wp-block-button__link wp-element-button\" href=\"https:\/\/www.fidh.org\/IMG\/pdf\/obs_unadeudasinsaldar_guatemala_spa-1-2.pdf\">Lea el informe<\/a><\/div>\n<\/div>\n<\/div><\/div>\n\n\n\n<div class=\"wp-block-media-text alignwide is-stacked-on-mobile\" style=\"grid-template-columns:33% auto\"><figure class=\"wp-block-media-text__media\"><img decoding=\"async\" width=\"664\" height=\"916\" src=\"https:\/\/observatoryfordefenders.org\/wp-content\/uploads\/2024\/02\/Report_Turkey_July-2020.jpg\" alt=\"\" class=\"wp-image-21460 size-full\" srcset=\"https:\/\/observatoryfordefenders.org\/wp-content\/uploads\/2024\/02\/Report_Turkey_July-2020.jpg 664w, https:\/\/observatoryfordefenders.org\/wp-content\/uploads\/2024\/02\/Report_Turkey_July-2020-217x300.jpg 217w\" sizes=\"(max-width: 664px) 100vw, 664px\" \/><\/figure><div class=\"wp-block-media-text__content\">\n<h2 class=\"wp-block-heading\"><strong>Turkey<\/strong><br>A perpetual emergency: Attacks on freedom of assembly in Turkey and repercussions for civil society<\/h2>\n\n\n\n<p><em>Un informe del Observatorio y del DHI<\/em><\/p>\n\n\n\n<div class=\"wp-block-buttons is-layout-flex wp-block-buttons-is-layout-flex\">\n<div class=\"wp-block-button\"><a class=\"wp-block-button__link wp-element-button\" href=\"https:\/\/fr.scribd.com\/document\/470679559\/A-Perpetual-Emergency-Attacks-on-Freedom-of-Assembly-in-Turkey-and-Repercussions-for-Civil-Society#download&amp;from_embed\">Lea el informe<\/a><\/div>\n<\/div>\n<\/div><\/div>\n\n\n\n<div class=\"wp-block-media-text alignwide is-stacked-on-mobile\" style=\"grid-template-columns:33% auto\"><figure class=\"wp-block-media-text__media\"><img decoding=\"async\" width=\"664\" height=\"916\" src=\"https:\/\/observatoryfordefenders.org\/wp-content\/uploads\/2024\/02\/Report_Cambodia_July-2020.jpg\" alt=\"\" class=\"wp-image-21463 size-full\" srcset=\"https:\/\/observatoryfordefenders.org\/wp-content\/uploads\/2024\/02\/Report_Cambodia_July-2020.jpg 664w, https:\/\/observatoryfordefenders.org\/wp-content\/uploads\/2024\/02\/Report_Cambodia_July-2020-217x300.jpg 217w\" sizes=\"(max-width: 664px) 100vw, 664px\" \/><\/figure><div class=\"wp-block-media-text__content\">\n<h2 class=\"wp-block-heading\"><strong>Cambodia<\/strong><br>Down, but not out &#8211; Repression of human rights defenders in Cambodia<\/h2>\n\n\n\n<div class=\"wp-block-buttons is-layout-flex wp-block-buttons-is-layout-flex\">\n<div class=\"wp-block-button\"><a class=\"wp-block-button__link wp-element-button\" href=\"https:\/\/www.fidh.org\/IMG\/pdf\/rapport-cambodia2020_final.pdf\">Lea el informe<\/a><\/div>\n<\/div>\n<\/div><\/div>\n\n\n\n<div class=\"wp-block-media-text alignwide is-stacked-on-mobile\" style=\"grid-template-columns:33% auto\"><figure class=\"wp-block-media-text__media\"><img decoding=\"async\" width=\"664\" height=\"916\" src=\"https:\/\/observatoryfordefenders.org\/wp-content\/uploads\/2024\/02\/Report_Venezuela_2020.03.jpg\" alt=\"\" class=\"wp-image-21456 size-full\" srcset=\"https:\/\/observatoryfordefenders.org\/wp-content\/uploads\/2024\/02\/Report_Venezuela_2020.03.jpg 664w, https:\/\/observatoryfordefenders.org\/wp-content\/uploads\/2024\/02\/Report_Venezuela_2020.03-217x300.jpg 217w\" sizes=\"(max-width: 664px) 100vw, 664px\" \/><\/figure><div class=\"wp-block-media-text__content\">\n<h2 class=\"wp-block-heading\"><strong>Venezuela<\/strong><br>&#8220;Enemigos Internos&#8221;: La defensa de derechos humanos bajo ataque<\/h2>\n\n\n\n<p><em>Un informe del Observatorio, COFAVIC, CDJ y la Vicar\u00eda de Derechos Humanos de Caracas<\/em><\/p>\n\n\n\n<div class=\"wp-block-buttons is-layout-flex wp-block-buttons-is-layout-flex\">\n<div class=\"wp-block-button\"><a class=\"wp-block-button__link wp-element-button\" href=\"https:\/\/www.fidh.org\/IMG\/pdf\/venezuela_informe_2020.03_informe_completo-2.pdf\">Lea el informe<\/a><\/div>\n<\/div>\n<\/div><\/div>\n<\/div><\/div>\n\n\n\n<div class=\"wp-block-uagb-container uagb-block-7438955f alignfull uagb-is-root-container\"><div class=\"uagb-container-inner-blocks-wrap\">\n<div class=\"wp-block-media-text alignwide is-stacked-on-mobile\" style=\"grid-template-columns:33% auto\"><figure class=\"wp-block-media-text__media\"><img decoding=\"async\" width=\"696\" height=\"985\" src=\"https:\/\/observatoryfordefenders.org\/wp-content\/uploads\/2024\/02\/Capture-decran-de-2024-02-04-21-44-08.png\" alt=\"\" class=\"wp-image-21424 size-full\" srcset=\"https:\/\/observatoryfordefenders.org\/wp-content\/uploads\/2024\/02\/Capture-decran-de-2024-02-04-21-44-08.png 696w, https:\/\/observatoryfordefenders.org\/wp-content\/uploads\/2024\/02\/Capture-decran-de-2024-02-04-21-44-08-212x300.png 212w\" sizes=\"(max-width: 696px) 100vw, 696px\" \/><\/figure><div class=\"wp-block-media-text__content\">\n<h2 class=\"wp-block-heading\"><strong>Informes anuales del Observatorio<\/strong><\/h2>\n\n\n\n<div class=\"wp-block-buttons is-layout-flex wp-block-buttons-is-layout-flex\">\n<div class=\"wp-block-button\"><a class=\"wp-block-button__link wp-element-button\" href=\"https:\/\/fr.scribd.com\/document\/504959015\/Obs-Palestine2021ang#download&amp;from_embed\">Lea los informes<\/a><\/div>\n<\/div>\n<\/div><\/div>\n\n\n\n<div style=\"height:40px\" aria-hidden=\"true\" class=\"wp-block-spacer\"><\/div>\n<\/div><\/div>\n\n\n\n<p>Para saber m\u00e1s sobre la situaci\u00f3n de los defensores en un pa\u00eds concreto, haga clic en el <a href=\"https:\/\/observatoryfordefenders.org\/countries\"><strong>mapa<\/strong><\/a> o en la <a href=\"https:\/\/observatoryfordefenders.org\/countries\"><strong>secci\u00f3n pa\u00eds<\/strong><\/a>.<\/p>\n","protected":false},"excerpt":{"rendered":"<p>Adem\u00e1s de las alertas destinadas a documentar situaciones de acoso y movilizar a los actores influyentes, el Observatorio publica regularmente informes que describen el contexto en el que trabajan los defensores, casos individuales de represi\u00f3n, as\u00ed como recomendaciones que se utilizan con fines de incidencia pol\u00edtica. En total, el Observatorio trabaja cada a\u00f1o en m\u00e1s [&hellip;]<\/p>\n","protected":false},"author":1,"featured_media":0,"parent":0,"menu_order":0,"comment_status":"closed","ping_status":"closed","template":"","meta":{"_acf_changed":false,"_editorskit_title_hidden":false,"_editorskit_reading_time":0,"_editorskit_is_block_options_detached":false,"_editorskit_block_options_position":"{}","inline_featured_image":false,"_uag_custom_page_level_css":"","site-sidebar-layout":"default","site-content-layout":"","ast-site-content-layout":"default","site-content-style":"default","site-sidebar-style":"default","ast-global-header-display":"","ast-banner-title-visibility":"","ast-main-header-display":"","ast-hfb-above-header-display":"","ast-hfb-below-header-display":"","ast-hfb-mobile-header-display":"","site-post-title":"","ast-breadcrumbs-content":"","ast-featured-img":"","footer-sml-layout":"","ast-disable-related-posts":"","theme-transparent-header-meta":"","adv-header-id-meta":"","stick-header-meta":"","header-above-stick-meta":"","header-main-stick-meta":"","header-below-stick-meta":"","astra-migrate-meta-layouts":"set","ast-page-background-enabled":"default","ast-page-background-meta":{"desktop":{"background-color":"var(--ast-global-color-4)","background-image":"","background-repeat":"repeat","background-position":"center center","background-size":"auto","background-attachment":"scroll","background-type":"","background-media":"","overlay-type":"","overlay-color":"","overlay-opacity":"","overlay-gradient":""},"tablet":{"background-color":"","background-image":"","background-repeat":"repeat","background-position":"center center","background-size":"auto","background-attachment":"scroll","background-type":"","background-media":"","overlay-type":"","overlay-color":"","overlay-opacity":"","overlay-gradient":""},"mobile":{"background-color":"","background-image":"","background-repeat":"repeat","background-position":"center center","background-size":"auto","background-attachment":"scroll","background-type":"","background-media":"","overlay-type":"","overlay-color":"","overlay-opacity":"","overlay-gradient":""}},"ast-content-background-meta":{"desktop":{"background-color":"var(--ast-global-color-5)","background-image":"","background-repeat":"repeat","background-position":"center center","background-size":"auto","background-attachment":"scroll","background-type":"","background-media":"","overlay-type":"","overlay-color":"","overlay-opacity":"","overlay-gradient":""},"tablet":{"background-color":"var(--ast-global-color-5)","background-image":"","background-repeat":"repeat","background-position":"center center","background-size":"auto","background-attachment":"scroll","background-type":"","background-media":"","overlay-type":"","overlay-color":"","overlay-opacity":"","overlay-gradient":""},"mobile":{"background-color":"var(--ast-global-color-5)","background-image":"","background-repeat":"repeat","background-position":"center center","background-size":"auto","background-attachment":"scroll","background-type":"","background-media":"","overlay-type":"","overlay-color":"","overlay-opacity":"","overlay-gradient":""}},"_FSMCFIC_featured_image_caption":"","_FSMCFIC_featured_image_nocaption":"","_FSMCFIC_featured_image_hide":"","footnotes":""},"class_list":["post-19046","page","type-page","status-publish","hentry"],"acf":[],"uagb_featured_image_src":{"full":false,"thumbnail":false,"medium":false,"medium_large":false,"large":false,"1536x1536":false,"2048x2048":false},"uagb_author_info":{"display_name":"observatory_admin","author_link":"https:\/\/observatoryfordefenders.org\/es\/author\/observatory_admin\/"},"uagb_comment_info":0,"uagb_excerpt":"Adem\u00e1s de las alertas destinadas a documentar situaciones de acoso y movilizar a los actores influyentes, el Observatorio publica regularmente informes que describen el contexto en el que trabajan los defensores, casos individuales de represi\u00f3n, as\u00ed como recomendaciones que se utilizan con fines de incidencia pol\u00edtica. En total, el Observatorio trabaja cada a\u00f1o en m\u00e1s&hellip;","_links":{"self":[{"href":"https:\/\/observatoryfordefenders.org\/es\/wp-json\/wp\/v2\/pages\/19046","targetHints":{"allow":["GET"]}}],"collection":[{"href":"https:\/\/observatoryfordefenders.org\/es\/wp-json\/wp\/v2\/pages"}],"about":[{"href":"https:\/\/observatoryfordefenders.org\/es\/wp-json\/wp\/v2\/types\/page"}],"author":[{"embeddable":true,"href":"https:\/\/observatoryfordefenders.org\/es\/wp-json\/wp\/v2\/users\/1"}],"replies":[{"embeddable":true,"href":"https:\/\/observatoryfordefenders.org\/es\/wp-json\/wp\/v2\/comments?post=19046"}],"version-history":[{"count":17,"href":"https:\/\/observatoryfordefenders.org\/es\/wp-json\/wp\/v2\/pages\/19046\/revisions"}],"predecessor-version":[{"id":21477,"href":"https:\/\/observatoryfordefenders.org\/es\/wp-json\/wp\/v2\/pages\/19046\/revisions\/21477"}],"wp:attachment":[{"href":"https:\/\/observatoryfordefenders.org\/es\/wp-json\/wp\/v2\/media?parent=19046"}],"curies":[{"name":"wp","href":"https:\/\/api.w.org\/{rel}","templated":true}]}}